{"id":977,"date":"2015-05-29T09:17:39","date_gmt":"2015-05-29T07:17:39","guid":{"rendered":"http:\/\/lions.teamdb.de\/?page_id=977"},"modified":"2021-11-19T09:42:09","modified_gmt":"2021-11-19T08:42:09","slug":"ethische-grundsaetze","status":"publish","type":"page","link":"https:\/\/lions-club-langenhagen.de\/?page_id=977","title":{"rendered":"ETHISCHE GRUNDS\u00c4TZE"},"content":{"rendered":"<div class=\"teaser\">\n<p><strong>\u201e We serve.\u201c \u2013 Unter diesem Motto steht all unser Handeln, alle Projekte sind diesem gro\u00dfen Ziel verpflichtet, ob auf internationaler, nationaler oder lokaler Ebene.<\/strong><\/p>\n<p><strong>Zugleich haben wir einen hohen ethischen Anspruch an unsere Mitglieder, der sich sehr klar in unseren Grunds\u00e4tzen widerspiegelt.<\/strong><\/p>\n<p><strong>Warum das nach unserer Auffassung so sein soll? \u2013 Weil unseres Erachtens Menschen dann am besten uneigenn\u00fctzig und vorbehaltlos helfen k\u00f6nnen, wenn sie aus einer gesicherten Lebensstellung heraus den fairen Umgang mit ihren Gesch\u00e4ftspartnern sowie das freundschaftliche, aufrichtige Miteinander im Alltag pflegen und sich zugleich den Grunds\u00e4tzen der demokratischen Staatsform verpflichtet f\u00fchlen: <\/strong><\/p>\n<\/div>\n<div class=\"text\">\n<p>\u201eIch zeige durch das Engagement und Verhalten in meinem pers\u00f6nlichen und beruflichen Tun, dass ich bereit bin, mich nicht nur f\u00fcr mich, sondern auch f\u00fcr die Gesellschaft einzusetzen.<\/p>\n<p>Ich will meinen Erfolg nicht zu Lasten meines Ansehens und der Selbstachtung, durch Wahrnehmung eines unlauteren Vorteils oder durch unredliches Handeln, anstreben.<\/p>\n<p>Ich werde um des eigenen Vorteils willen nicht die Existenz eines anderen gef\u00e4hrden. Meinen Gesch\u00e4ftspartnern gegen\u00fcber will ich loyal sein und mir selbst treu bleiben.<\/p>\n<p>Wann immer ein Zweifel an der Korrektheit und moralischen Integrit\u00e4t meiner Einstellung oder meines Verhaltens gegen\u00fcber meinen Mitmenschen entsteht, werde ich mich selbstkritisch pr\u00fcfen.<\/p>\n<p>Ich betrachte die Freundschaft als Ziel, nicht als Mittel zum Zweck. Ich bin mir bewusst, dass wahre Freundschaft nicht erwiesener Dienste wegen besteht. Sie fordert nichts, nimmt jedoch Freundschaftsdienste im selben Geiste an, in dem sie geleistet wurden.<\/p>\n<p>Ich werde mir stets meiner Verpflichtungen als Staatsb\u00fcrger gegen\u00fcber meinem Land und der Gesellschaft bewusst bleiben und in Wort und Tat loyal zu ihnen stehen. Im Rahmen meiner M\u00f6glichkeiten werde ich sie mit pers\u00f6nlichem Engagement und finanziellen Mitteln bei der Erf\u00fcllung ihrer Aufgaben unterst\u00fctzen.<\/p>\n<p>Ich werde meinen Mitmenschen helfen, indem ich den Ungl\u00fccklichen mit Trost, den Schwachen mit Tatkraft und den Bed\u00fcrftigen mit meinen wirtschaftlichen Mitteln beistehe.<\/p>\n<p>Ich werde behutsam sein mit meiner Kritik und freigiebig mit meinem Lob, ich will mich bem\u00fchen, aufzubauen und nicht zu verletzen.\u201c<\/p>\n<\/div>\n","protected":false},"excerpt":{"rendered":"<p>\u201e We serve.\u201c \u2013 Unter diesem Motto steht all unser Handeln, alle Projekte sind diesem gro\u00dfen Ziel verpflichtet, ob auf internationaler, nationaler oder lokaler Ebene. Zugleich haben wir einen hohen&#8230;<\/p>\n<p><a class='more-link' href='https:\/\/lions-club-langenhagen.de\/?page_id=977'>Weiterlesen <span class='screen-reader-text'>ETHISCHE GRUNDS\u00c4TZE<\/span><\/a><\/p>","protected":false},"author":3,"featured_media":0,"parent":0,"menu_order":0,"comment_status":"closed","ping_status":"open","template":"","meta":[],"_links":{"self":[{"href":"https:\/\/lions-club-langenhagen.de\/index.php?rest_route=\/wp\/v2\/pages\/977"}],"collection":[{"href":"https:\/\/lions-club-langenhagen.de\/index.php?rest_route=\/wp\/v2\/pages"}],"about":[{"href":"https:\/\/lions-club-langenhagen.de\/index.php?rest_route=\/wp\/v2\/types\/page"}],"author":[{"embeddable":true,"href":"https:\/\/lions-club-langenhagen.de\/index.php?rest_route=\/wp\/v2\/users\/3"}],"replies":[{"embeddable":true,"href":"https:\/\/lions-club-langenhagen.de\/index.php?rest_route=%2Fwp%2Fv2%2Fcomments&post=977"}],"version-history":[{"count":6,"href":"https:\/\/lions-club-langenhagen.de\/index.php?rest_route=\/wp\/v2\/pages\/977\/revisions"}],"predecessor-version":[{"id":2409,"href":"https:\/\/lions-club-langenhagen.de\/index.php?rest_route=\/wp\/v2\/pages\/977\/revisions\/2409"}],"wp:attachment":[{"href":"https:\/\/lions-club-langenhagen.de\/index.php?rest_route=%2Fwp%2Fv2%2Fmedia&parent=977"}],"curies":[{"name":"wp","href":"https:\/\/api.w.org\/{rel}","templated":true}]}}