{"id":2,"date":"2014-05-09T04:35:09","date_gmt":"2014-05-09T04:35:09","guid":{"rendered":"http:\/\/lions.teamdb.de\/?page_id=2"},"modified":"2026-04-21T12:50:16","modified_gmt":"2026-04-21T10:50:16","slug":"sample-page","status":"publish","type":"page","link":"https:\/\/lions-club-langenhagen.de\/","title":{"rendered":"Herzlich willkommen auf der Homepage des Lions Club Langenhagen"},"content":{"rendered":"<p><a href=\"https:\/\/lions-club-langenhagen.de\/wp-content\/uploads\/2014\/05\/140px-Wappen_Langenhagen.png\"><img decoding=\"async\" loading=\"lazy\" class=\"size-full wp-image-2675 aligncenter\" src=\"https:\/\/lions-club-langenhagen.de\/wp-content\/uploads\/2014\/05\/140px-Wappen_Langenhagen.png\" alt=\"\" width=\"140\" height=\"152\" \/><\/a><\/p>\n<p style=\"text-align: center;\">\n<p><span style=\"color: #000000;\"><strong>Zur Adventskalenderwebseite des Lions Club Langenhagen geht es <\/strong><strong>hier: <\/strong><\/span><a href=\"https:\/\/www.lions-adventskalender-langenhagen.de\/\"><strong>www.lions-adventskalender-langenhagen.de<\/strong><\/a><strong>\u00a0<\/strong><\/p>\n<p><span style=\"color: #000000;\">Es freut uns sehr, da\u00df Sie sich f\u00fcr unseren Club interessieren und diesen Weg gew\u00e4hlt haben, um mehr \u00fcber uns zu erfahren. Gerne informieren wir Sie \u00fcber unseren Club, die Aufgaben, die Aktivit\u00e4ten und deren Zielsetzung. \u00dcber den Link am Anfang dieser Seite gelangen Sie direkt auf unsere Adventskalender-Homepage mit allen Informationen zu diesem Projekt.<\/span><\/p>\n<p><span style=\"color: #000000;\">Wir\u00a0 streben an, die Seite aktuell zu halten und Sie mit dem Neuesten und allen aktuellen Themen aus unserem Clubleben zu informieren. Daher sehen wir unsere Homepage als lebendes System, deren Seiten der st\u00e4ndigen \u00dcberarbeitung unterworfen sind. Sollten Sie \u00e4ltere Themen oder Informationen vermissen, nehmen Sie bitte direkt Kontakt mit dem Club auf.<\/span><\/p>\n<p style=\"font-size: 10px;\"><span style=\"color: #000000;\">zuletzt \u00fcberarbeitet: 21.04.2026<\/span><\/p>\n","protected":false},"excerpt":{"rendered":"<p>Zur Adventskalenderwebseite des Lions Club Langenhagen geht es hier: www.lions-adventskalender-langenhagen.de\u00a0 Es freut uns sehr, da\u00df Sie sich f\u00fcr unseren Club interessieren und diesen Weg gew\u00e4hlt haben, um mehr \u00fcber uns&#8230;<\/p>\n<p><a class='more-link' href='https:\/\/lions-club-langenhagen.de\/'>Weiterlesen <span class='screen-reader-text'>Herzlich willkommen auf der Homepage des Lions Club Langenhagen<\/span><\/a><\/p>","protected":false},"author":1,"featured_media":0,"parent":0,"menu_order":0,"comment_status":"closed","ping_status":"open","template":"","meta":[],"_links":{"self":[{"href":"https:\/\/lions-club-langenhagen.de\/index.php?rest_route=\/wp\/v2\/pages\/2"}],"collection":[{"href":"https:\/\/lions-club-langenhagen.de\/index.php?rest_route=\/wp\/v2\/pages"}],"about":[{"href":"https:\/\/lions-club-langenhagen.de\/index.php?rest_route=\/wp\/v2\/types\/page"}],"author":[{"embeddable":true,"href":"https:\/\/lions-club-langenhagen.de\/index.php?rest_route=\/wp\/v2\/users\/1"}],"replies":[{"embeddable":true,"href":"https:\/\/lions-club-langenhagen.de\/index.php?rest_route=%2Fwp%2Fv2%2Fcomments&post=2"}],"version-history":[{"count":962,"href":"https:\/\/lions-club-langenhagen.de\/index.php?rest_route=\/wp\/v2\/pages\/2\/revisions"}],"predecessor-version":[{"id":10271,"href":"https:\/\/lions-club-langenhagen.de\/index.php?rest_route=\/wp\/v2\/pages\/2\/revisions\/10271"}],"wp:attachment":[{"href":"https:\/\/lions-club-langenhagen.de\/index.php?rest_route=%2Fwp%2Fv2%2Fmedia&parent=2"}],"curies":[{"name":"wp","href":"https:\/\/api.w.org\/{rel}","templated":true}]}}