{"id":17,"date":"2015-05-27T15:10:07","date_gmt":"2015-05-27T13:10:07","guid":{"rendered":"http:\/\/lions.teamdb.de\/?page_id=17"},"modified":"2021-11-19T09:42:09","modified_gmt":"2021-11-19T08:42:09","slug":"ueber-uns-seite","status":"publish","type":"page","link":"https:\/\/lions-club-langenhagen.de\/?page_id=17","title":{"rendered":"\u00dcber uns"},"content":{"rendered":"<p><a href=\"https:\/\/lions-club-langenhagen.de\/wp-content\/uploads\/2015\/05\/img_logo.gif\" rel=\"attachment wp-att-2629\"><img decoding=\"async\" loading=\"lazy\" class=\"size-full wp-image-2629 alignleft\" src=\"https:\/\/lions-club-langenhagen.de\/wp-content\/uploads\/2015\/05\/img_logo.gif\" alt=\"img_logo\" width=\"133\" height=\"126\"><\/a><\/p>\n<p>Auf den folgenden Seiten erfahren Sie einiges \u00fcber die Gr\u00fcndung und die Geschichte unseres Clubs: \u00fcber den Beginn im Sommer bzw. Herbst des Jahres 1977, \u00fcber die 20-Jahr Feier 1997, die 25-Jahr Feier im Oktober 2002, die 30-Jahr Feier im Oktober 2007 und die 40-Jahr Feier im Juni 2017.<\/p>\n<p>Au\u00dferdem sind Informationen \u00fcber die internationale Lions-Organisation, deren Motivation und Zielsetzung beigef\u00fcgt.<\/p>\n<p>Der Jumelage mit unserem Partnerclub in Bydgoszcz\/Polen ist ein eigenes Kapitel (\u201eJumelage\u201c) gewidmet.<\/p>\n<p>&nbsp;<\/p>\n","protected":false},"excerpt":{"rendered":"<p>Auf den folgenden Seiten erfahren Sie einiges \u00fcber die Gr\u00fcndung und die Geschichte unseres Clubs: \u00fcber den Beginn im Sommer bzw. Herbst des Jahres 1977, \u00fcber die 20-Jahr Feier 1997,&#8230;<\/p>\n<p><a class='more-link' href='https:\/\/lions-club-langenhagen.de\/?page_id=17'>Weiterlesen <span class='screen-reader-text'>\u00dcber uns<\/span><\/a><\/p>","protected":false},"author":1,"featured_media":0,"parent":0,"menu_order":0,"comment_status":"closed","ping_status":"open","template":"","meta":[],"_links":{"self":[{"href":"https:\/\/lions-club-langenhagen.de\/index.php?rest_route=\/wp\/v2\/pages\/17"}],"collection":[{"href":"https:\/\/lions-club-langenhagen.de\/index.php?rest_route=\/wp\/v2\/pages"}],"about":[{"href":"https:\/\/lions-club-langenhagen.de\/index.php?rest_route=\/wp\/v2\/types\/page"}],"author":[{"embeddable":true,"href":"https:\/\/lions-club-langenhagen.de\/index.php?rest_route=\/wp\/v2\/users\/1"}],"replies":[{"embeddable":true,"href":"https:\/\/lions-club-langenhagen.de\/index.php?rest_route=%2Fwp%2Fv2%2Fcomments&post=17"}],"version-history":[{"count":22,"href":"https:\/\/lions-club-langenhagen.de\/index.php?rest_route=\/wp\/v2\/pages\/17\/revisions"}],"predecessor-version":[{"id":7477,"href":"https:\/\/lions-club-langenhagen.de\/index.php?rest_route=\/wp\/v2\/pages\/17\/revisions\/7477"}],"wp:attachment":[{"href":"https:\/\/lions-club-langenhagen.de\/index.php?rest_route=%2Fwp%2Fv2%2Fmedia&parent=17"}],"curies":[{"name":"wp","href":"https:\/\/api.w.org\/{rel}","templated":true}]}}