{"id":1286,"date":"2015-06-25T12:06:56","date_gmt":"2015-06-25T10:06:56","guid":{"rendered":"http:\/\/lions-club-langenhagen.de\/?page_id=1286"},"modified":"2021-11-19T09:42:09","modified_gmt":"2021-11-19T08:42:09","slug":"impresssum","status":"publish","type":"page","link":"https:\/\/lions-club-langenhagen.de\/?page_id=1286","title":{"rendered":"Impressum"},"content":{"rendered":"<p>Verantwortlich im Sinne des Telemediengesetzes:<\/p>\n<p>Webmaster<br \/>\nDr. Wilhelm Hicking<br \/>\nMilanstra\u00dfe\u00a0104<br \/>\n30627 Hannover<br \/>\n<a href=\"mailto:wilhelm.hicking@t-online.de\">wilhelm.hicking@t-online.de<\/a><\/p>\n<p>Haftungshinweis: Trotz sorgf\u00e4ltiger inhaltlicher Kontrolle \u00fcbernehmen wir keine Haftung f\u00fcr die Inhalte externer Links. F\u00fcr den Inhalt der verlinkten Seiten sind ausschlie\u00dflich deren Betreiber verantwortlich.<\/p>\n<p>Eine Haftung f\u00fcr die Richtigkeit der Ver\u00f6ffentlichungen kann trotz sorgf\u00e4ltiger Pr\u00fcfung nicht \u00fcbernommen werden. F\u00fcr Sch\u00e4den die durch die Nutzung oder Nichtnutzung der auf dieser Site abgestellten Informationen oder durch die Nutzung fehlerhafter und unvollst\u00e4ndiger Informationen unmittelbar oder mittelbar verursacht werden, hafte wir nicht, sofern uns nicht nachweislich vors\u00e4tzliches oder grob fahrl\u00e4ssiges Verschulden zur Last f\u00e4llt.<\/p>\n<p>Mit dem Urteil vom 12. Mai 1998 &#34;Haftung f\u00fcr Links&#34; (312 O 85\/98) hat das Landgericht Hamburg entschieden, dass man durch die Anbringung eines Links die Inhalte der gelinkten Seite ggf. mit zu verantworten hat. Dies kann &#8211; so das LG &#8211; nur dadurch verhindert werden, indem man sich ausdr\u00fccklich von diesen Inhalten distanziert.<\/p>\n<p>Wir distanzieren uns hiermit ausdr\u00fccklich von allen Inhalten der gelinkten Seiten auf unserer Internetpr\u00e4senz und machen uns diese Inhalte nicht zu eigen. Diese Erkl\u00e4rung gilt f\u00fcr alle auf unserer Internetpr\u00e4senz angezeigten Links und f\u00fcr alle Inhalte der Seiten, zu denen die bei uns gesetzten Links f\u00fchren. Wir weisen darauf hin, dass wir weder Einfluss auf die Gestaltung und Inhalte der gelinkten Seiten haben noch uns diese Inhalte zu eigen machen.<\/p>\n<p>Des Weiteren weisen wir darauf hin, dass wir keinen Einfluss auf das Setzen von Links zu unseren Seiten haben, und dass ein solcher Link keinesfalls eine Verbindung zu der Ursprungsseite indizieren kann.<\/p>\n<p><span style=\"text-decoration: underline;\"><strong>Datenschutz<\/strong><\/span><\/p>\n<p>Auf unseren Seiten werden keine personenbezogene Daten von Benutzern erhoben. Die Nutzung der Angebote und Dienste ist stets ohne Angabe personenbezogener Daten m\u00f6glich.<\/p>\n<p>Der Nutzung von im Rahmen der Impressumspflicht ver\u00f6ffentlichten Kontaktdaten durch Dritte zur \u00dcbersendung von<br \/>\nnicht ausdr\u00fccklich angeforderter Werbung und Informationsmaterialien wird hiermit ausdr\u00fccklich widersprochen.<br \/>\nDie Betreiber der Seiten behalten sich ausdr\u00fccklich rechtliche Schritte im Falle der unverlangten Zusendung von<br \/>\nWerbeinformationen, etwa durch Spam-Mails, vor.<\/p>\n","protected":false},"excerpt":{"rendered":"<p>Verantwortlich im Sinne des Telemediengesetzes: Webmaster Dr. Wilhelm Hicking Milanstra\u00dfe\u00a0104 30627 Hannover wilhelm.hicking@t-online.de Haftungshinweis: Trotz sorgf\u00e4ltiger inhaltlicher Kontrolle \u00fcbernehmen wir keine Haftung f\u00fcr die Inhalte externer Links. F\u00fcr den Inhalt&#8230;<\/p>\n<p><a class='more-link' href='https:\/\/lions-club-langenhagen.de\/?page_id=1286'>Weiterlesen <span class='screen-reader-text'>Impressum<\/span><\/a><\/p>","protected":false},"author":3,"featured_media":0,"parent":0,"menu_order":0,"comment_status":"closed","ping_status":"open","template":"","meta":[],"_links":{"self":[{"href":"https:\/\/lions-club-langenhagen.de\/index.php?rest_route=\/wp\/v2\/pages\/1286"}],"collection":[{"href":"https:\/\/lions-club-langenhagen.de\/index.php?rest_route=\/wp\/v2\/pages"}],"about":[{"href":"https:\/\/lions-club-langenhagen.de\/index.php?rest_route=\/wp\/v2\/types\/page"}],"author":[{"embeddable":true,"href":"https:\/\/lions-club-langenhagen.de\/index.php?rest_route=\/wp\/v2\/users\/3"}],"replies":[{"embeddable":true,"href":"https:\/\/lions-club-langenhagen.de\/index.php?rest_route=%2Fwp%2Fv2%2Fcomments&post=1286"}],"version-history":[{"count":6,"href":"https:\/\/lions-club-langenhagen.de\/index.php?rest_route=\/wp\/v2\/pages\/1286\/revisions"}],"predecessor-version":[{"id":4815,"href":"https:\/\/lions-club-langenhagen.de\/index.php?rest_route=\/wp\/v2\/pages\/1286\/revisions\/4815"}],"wp:attachment":[{"href":"https:\/\/lions-club-langenhagen.de\/index.php?rest_route=%2Fwp%2Fv2%2Fmedia&parent=1286"}],"curies":[{"name":"wp","href":"https:\/\/api.w.org\/{rel}","templated":true}]}}